{"id":318,"date":"2025-09-05T06:08:16","date_gmt":"2025-09-05T06:08:16","guid":{"rendered":"https:\/\/toolzonemail.sk\/?page_id=318"},"modified":"2025-09-05T06:11:59","modified_gmt":"2025-09-05T06:11:59","slug":"formular-na-objednanie-bezplatneho-katalogu-naradia-format","status":"publish","type":"page","link":"https:\/\/toolzonemail.sk\/","title":{"rendered":"Formul\u00e1r na objednanie bezplatn\u00e9ho katal\u00f3gu n\u00e1radia Format"},"content":{"rendered":"<div class='fluentform ff-default fluentform_wrapper_3 ffs_default_wrap'><form data-form_id=\"3\" id=\"fluentform_3\" class=\"frm-fluent-form fluent_form_3 ff-el-form-top ff_form_instance_3_1 ff-form-loading ff_has_v3_recptcha ffs_default\" data-form_instance=\"ff_form_instance_3_1\" method=\"POST\" data-recptcha_key=\"6LeIwcQrAAAAAOl_bkkyvpV76RP0RPmNZ1Yx6jtd\" ><fieldset  style=\"border: none!important;margin: 0!important;padding: 0!important;background-color: transparent!important;box-shadow: none!important;outline: none!important; min-inline-size: 100%;\">\n                    <legend class=\"ff_screen_reader_title\" style=\"display: block; margin: 0!important;padding: 0!important;height: 0!important;text-indent: -999999px;width: 0!important;overflow:hidden;\">Objednanie katal\u00f3gu Format<\/legend><input type='hidden' name='__fluent_form_embded_post_id' value='318' \/><input type=\"hidden\" id=\"_fluentform_3_fluentformnonce\" name=\"_fluentform_3_fluentformnonce\" value=\"a5d5b90cbc\" \/><input type=\"hidden\" name=\"_wp_http_referer\" value=\"\/index.php?rest_route=%2Fwp%2Fv2%2Fpages%2F318\" \/><div class='ff-el-group  ff-custom_html' tabindex='-1' data-name=\"custom_html-3_1\" ><h1>Objednanie katal\u00f3gu Format<\/h1>\n<p>Vypl\u0148te pros\u00edm spr\u00e1vne \u00fadaje<\/p><\/div><div class='ff-el-group'><div class=\"ff-el-input--label ff-el-is-required asterisk-right\"><label for='ff_3_company' id='label_ff_3_company' aria-label=\"Firma\">Firma<\/label><\/div><div class='ff-el-input--content'><input type=\"text\" name=\"company\" class=\"ff-el-form-control\" placeholder=\"Zadajte n\u00e1zov firmy\" data-name=\"company\" id=\"ff_3_company\"  aria-invalid=\"false\" aria-required=true><\/div><\/div><div data-type=\"name-element\" data-name=\"names\" class=\" ff-field_container ff-name-field-wrapper\" ><div class='ff-t-container'><div class='ff-t-cell '><div class='ff-el-group ff-el-form-top'><div class=\"ff-el-input--label ff-el-is-required asterisk-right\"><label for='ff_3_names_first_name_' id='label_ff_3_names_first_name_' >Meno<\/label><\/div><div class='ff-el-input--content'><input type=\"text\" name=\"names[first_name]\" id=\"ff_3_names_first_name_\" class=\"ff-el-form-control\" placeholder=\"Zadajte svoje meno\" aria-invalid=\"false\" aria-required=true><\/div><\/div><\/div><div class='ff-t-cell '><div class='ff-el-group ff-el-form-top'><div class=\"ff-el-input--label ff-el-is-required asterisk-right\"><label for='ff_3_names_last_name_' id='label_ff_3_names_last_name_' >Priezvisko<\/label><\/div><div class='ff-el-input--content'><input type=\"text\" name=\"names[last_name]\" id=\"ff_3_names_last_name_\" class=\"ff-el-form-control\" placeholder=\"Zadajte svoje priezvisko\" aria-invalid=\"false\" aria-required=true><\/div><\/div><\/div><\/div><\/div><div class='ff-el-group'><div class=\"ff-el-input--label ff-el-is-required asterisk-right\"><label for='ff_3_email' id='label_ff_3_email' aria-label=\"E-mailov\u00e1 adresa\">E-mailov\u00e1 adresa<\/label><\/div><div class='ff-el-input--content'><input type=\"email\" name=\"email\" id=\"ff_3_email\" class=\"ff-el-form-control\" placeholder=\"Zadajte adresu v tvare xxx@xxx.sk\" data-name=\"email\"  aria-invalid=\"false\" aria-required=true><\/div><\/div><div class='ff-el-group'><div class=\"ff-el-input--label ff-el-is-required asterisk-right\"><label for='ff_3_phone' id='label_ff_3_phone' aria-label=\"Telef\u00f3n \/ Mobil\">Telef\u00f3n \/ Mobil<\/label><\/div><div class='ff-el-input--content'><input type=\"text\" name=\"phone\" class=\"ff-el-form-control\" placeholder=\"Zadajte \u010d\u00edslo v tvare +421 bez medzier\" data-name=\"phone\" id=\"ff_3_phone\"  aria-invalid=\"false\" aria-required=true><\/div><\/div><div data-name=\"ff_cn_id_1\"  class='ff-t-container ff-column-container ff_columns_total_3 '><div class='ff-t-cell ff-t-column-1' style='flex-basis: 33.33%;'><div class='ff-el-group'><div class=\"ff-el-input--label ff-el-is-required asterisk-right\"><label for='ff_3_street' id='label_ff_3_street' aria-label=\"Ulica, \u010d\u00edslo\">Ulica, \u010d\u00edslo<\/label><\/div><div class='ff-el-input--content'><input type=\"text\" name=\"street\" class=\"ff-el-form-control\" placeholder=\"Zadajte n\u00e1zov ulice a \u010d\u00edslo\" data-name=\"street\" id=\"ff_3_street\"  aria-invalid=\"false\" aria-required=true><\/div><\/div><\/div><div class='ff-t-cell ff-t-column-2' style='flex-basis: 33.33%;'><div class='ff-el-group'><div class=\"ff-el-input--label ff-el-is-required asterisk-right\"><label for='ff_3_zip' id='label_ff_3_zip' aria-label=\"PS\u010c\">PS\u010c<\/label><\/div><div class='ff-el-input--content'><input type=\"text\" name=\"zip\" class=\"ff-el-form-control\" placeholder=\"Zadajte po\u0161tov\u00e9 smerovacie \u010d\u00edslo\" data-name=\"zip\" id=\"ff_3_zip\"  aria-invalid=\"false\" aria-required=true><\/div><\/div><\/div><div class='ff-t-cell ff-t-column-3' style='flex-basis: 33.33%;'><div class='ff-el-group'><div class=\"ff-el-input--label ff-el-is-required asterisk-right\"><label for='ff_3_city' id='label_ff_3_city' aria-label=\"Mesto\">Mesto<\/label><\/div><div class='ff-el-input--content'><input type=\"text\" name=\"city\" class=\"ff-el-form-control\" placeholder=\"Zadajte mesto\" data-name=\"city\" id=\"ff_3_city\"  aria-invalid=\"false\" aria-required=true><\/div><\/div><\/div><\/div><div class='ff-el-group ff-text-left ff_submit_btn_wrapper'><button type=\"submit\" class=\"ff-btn ff-btn-submit ff-btn-md ff_btn_style\"  aria-label=\"Odosla\u0165 \u017eiados\u0165 o bezplatn\u00fd katal\u00f3g\">Odosla\u0165 \u017eiados\u0165 o bezplatn\u00fd katal\u00f3g<\/button><\/div><\/fieldset><\/form><div id='fluentform_3_errors' class='ff-errors-in-stack ff_form_instance_3_1 ff-form-loading_errors ff_form_instance_3_1_errors'><\/div><\/div>            <script type=\"text\/javascript\">\n                window.fluent_form_ff_form_instance_3_1 = {\"id\":\"3\",\"ajaxUrl\":\"https:\\\/\\\/toolzonemail.sk\\\/wp-admin\\\/admin-ajax.php\",\"settings\":{\"layout\":{\"labelPlacement\":\"top\",\"asteriskPlacement\":\"asterisk-right\",\"helpMessagePlacement\":\"with_label\",\"errorMessagePlacement\":\"inline\",\"cssClassName\":\"\"},\"restrictions\":{\"denyEmptySubmission\":{\"enabled\":false}}},\"form_instance\":\"ff_form_instance_3_1\",\"form_id_selector\":\"fluentform_3\",\"rules\":{\"company\":{\"required\":{\"value\":true,\"message\":\"Toto pole je povinn\\u00e9\",\"global_message\":\"Toto pole je povinn\\u00e9\",\"global\":true}},\"names[first_name]\":{\"required\":{\"value\":true,\"message\":\"Toto pole je povinn\\u00e9\",\"global_message\":\"Toto pole je povinn\\u00e9\",\"global\":true}},\"names[middle_name]\":{\"required\":{\"value\":false,\"message\":\"Toto pole je povinn\\u00e9\",\"global_message\":\"Toto pole je povinn\\u00e9\",\"global\":true}},\"names[last_name]\":{\"required\":{\"value\":true,\"message\":\"Toto pole je povinn\\u00e9\",\"global_message\":\"Toto pole je povinn\\u00e9\",\"global\":true}},\"email\":{\"required\":{\"value\":true,\"message\":\"Toto pole je povinn\\u00e9\",\"global\":true,\"global_message\":\"Toto pole je povinn\\u00e9\"},\"email\":{\"value\":true,\"message\":\"Toto pole mus\\u00ed obsahova\\u0165 platn\\u00fd e-mail\",\"global\":true,\"global_message\":\"Toto pole mus\\u00ed obsahova\\u0165 platn\\u00fd e-mail\"}},\"phone\":{\"required\":{\"value\":true,\"message\":\"Toto pole je povinn\\u00e9\",\"global_message\":\"Toto pole je povinn\\u00e9\",\"global\":true}},\"street\":{\"required\":{\"value\":true,\"message\":\"Toto pole je povinn\\u00e9\",\"global_message\":\"Toto pole je povinn\\u00e9\",\"global\":true}},\"zip\":{\"required\":{\"value\":true,\"message\":\"Toto pole je povinn\\u00e9\",\"global_message\":\"Toto pole je povinn\\u00e9\",\"global\":true}},\"city\":{\"required\":{\"value\":true,\"message\":\"Toto pole je povinn\\u00e9\",\"global_message\":\"Toto pole je povinn\\u00e9\",\"global\":true}}},\"debounce_time\":300};\n                            <\/script>\n            \n","protected":false},"excerpt":{"rendered":"","protected":false},"author":2,"featured_media":0,"parent":0,"menu_order":0,"comment_status":"closed","ping_status":"closed","template":"page-no-title","meta":{"footnotes":""},"class_list":["post-318","page","type-page","status-publish","hentry"],"_links":{"self":[{"href":"https:\/\/toolzonemail.sk\/index.php?rest_route=\/wp\/v2\/pages\/318","targetHints":{"allow":["GET"]}}],"collection":[{"href":"https:\/\/toolzonemail.sk\/index.php?rest_route=\/wp\/v2\/pages"}],"about":[{"href":"https:\/\/toolzonemail.sk\/index.php?rest_route=\/wp\/v2\/types\/page"}],"author":[{"embeddable":true,"href":"https:\/\/toolzonemail.sk\/index.php?rest_route=\/wp\/v2\/users\/2"}],"replies":[{"embeddable":true,"href":"https:\/\/toolzonemail.sk\/index.php?rest_route=%2Fwp%2Fv2%2Fcomments&post=318"}],"version-history":[{"count":1,"href":"https:\/\/toolzonemail.sk\/index.php?rest_route=\/wp\/v2\/pages\/318\/revisions"}],"predecessor-version":[{"id":319,"href":"https:\/\/toolzonemail.sk\/index.php?rest_route=\/wp\/v2\/pages\/318\/revisions\/319"}],"wp:attachment":[{"href":"https:\/\/toolzonemail.sk\/index.php?rest_route=%2Fwp%2Fv2%2Fmedia&parent=318"}],"curies":[{"name":"wp","href":"https:\/\/api.w.org\/{rel}","templated":true}]}}